{"id":69,"date":"2012-10-25T11:53:18","date_gmt":"2012-10-25T09:53:18","guid":{"rendered":"http:\/\/www.drboh.at\/engl\/?page_id=69"},"modified":"2026-03-12T18:07:48","modified_gmt":"2026-03-12T17:07:48","slug":"home","status":"publish","type":"page","link":"https:\/\/www.drboh.at\/en\/","title":{"rendered":"Doz. Dr. Arthur Bohdjalian, MBA<span>Specialist for general and visceral surgery in Vienna, Austria<\/span>"},"content":{"rendered":"<div id=\"pl-69\"  class=\"panel-layout\" ><div id=\"pg-69-0\"  class=\"panel-grid panel-has-style\" ><div class=\"siteorigin-panels-stretch panel-row-style panel-row-style-for-69-0\" data-stretch-type=\"full\" ><div id=\"pgc-69-0-0\"  class=\"panel-grid-cell\" >    <h2 class=\"widgettitle\"><\/h2>\n    <div class=\"textwidget\"><\/div>\n    \n    \n<div id=\"panel-69-0-0-1\" class=\"widget_text so-panel widget widget_custom_html panel-last-child\" data-index=\"1\" ><div class=\"textwidget custom-html-widget\"><h1>Doz. Dr. Arthur Bohdjalian, MBA<span>Specialist for general and visceral surgery in Vienna, Austria<\/span><\/h1>\n\n<img decoding=\"async\" src=\"\/wp-content\/uploads\/2020\/02\/dr-arthur-bohdjalian.jpg\" alt=\"Dr. Bohdjalian - Wien\" class=\"img-responsive img-circle pull-right\" style=\"max-width: 300px; padding: 20px;\" \/>\n\n<h3>We want you to stay healthy!<\/h3>\n<p>Therefore, a good and professional medical check-up is essential. In the field of preventive medicine, we focus on gastroscopies and colonoscopies.<\/p>\n<p>In the general-surgical field, we treat hemorrhoids with Laser technique (LHP, Laser-hemmorrhoidalplasty), treat hernias, remove gall bladders or treat ingrown toenails.<\/p>\n<p>On the field of obesity surgery\/excessive-weight surgery, we offer various treatments when diet efforts have not been successful. Tailored to your needs, a gastric balloon, a gastric bypass, a sleeve gastrectomy, or a gastric band are possible.<\/p>\n<p>We work with specialists from other fields, we only collaborate with the best experts in their field. This guarantees our work\u2019s quality. It is the only way to ensure that you get the best treatment.<\/p>\n<p>For the fields of general surgery, obesity surgery and medical checkup, we are your competent contact in Vienna. <\/p>\n<p><strong><em>Dr. Arthur Bohdjalian is a member of Austria\u2019s surgical association, \u00d6sterreichische Gesellschaft f\u00fcr Chirurgie (\u00d6GC).<\/em><\/strong><\/p><\/div><\/div><\/div><\/div><\/div><div id=\"pg-69-1\"  class=\"panel-grid panel-has-style\" ><div class=\"siteorigin-panels-stretch panel-row-style panel-row-style-for-69-1\" data-stretch-type=\"full\" ><div id=\"pgc-69-1-0\"  class=\"panel-grid-cell\" ><div id=\"panel-69-1-0-0\" class=\"widget_text so-panel widget widget_custom_html panel-first-child\" data-index=\"2\" ><div class=\"textwidget custom-html-widget\"><h2 class=\"text-center margin: 0px 20px 20px 20px;\">Our services in the field of obesity surgery, general surgery and medical check-up<\/h2><\/div><\/div><div id=\"panel-69-1-0-1\" class=\"so-panel widget widget_sow-features panel-last-child\" data-index=\"3\" ><div class=\"aos-init panel-widget-style panel-widget-style-for-69-1-0-1\" data-aos=\"fade\" data-aos-duration=\"300\" data-aos-easing=\"ease-out\" data-aos-anchor-placement=\"top-bottom\" data-aos-once=\"false\" ><div\n\t\t\t\n\t\t\tclass=\"so-widget-sow-features so-widget-sow-features-default-98a2b5afe266-69\"\n\t\t\t\n\t\t><ul\n\tclass=\"sow-features-list\n\tsow-features-responsive\">\n\n\t\t\t<li\n\t\t\tclass=\"sow-features-feature sow-icon-container-position-top\"\n\t\t\tstyle=\"display: flex; flex-direction: column; width: calc(33.333% - 25px);\"\n\t\t>\n\t\t\t\n\t\t\t\t\t\t\t<div class=\"sow-features-feature-right-left-container\" style=\"display: flex; flex-direction: inherit;\">\n\t\t\t\t\t\t\t<div\t\t\t\tclass=\"sow-icon-container sow-container-round\"\n\t\t\t\tstyle=\"color: #ffffff; \"\n\t\t\t\ttitle=\"OBESITY SURGERY\"\n\t\t\t\t\t\t\t>\n\t\t\t\t\t\t\t\t\t\t<div class=\"sow-icon-image\" style=\"background-image: url(https:\/\/www.drboh.at\/en\/wp-content\/uploads\/sites\/3\/2020\/02\/drboh-leistungen-uebergewichtchirurgie.png); font-size: 150px\"><\/div>\n\t\t\t\t\t\t\t\t\t<\/div>\n\n\t\t\t<div class=\"textwidget\">\n\t\t\t\t\t\t\t\t\t<div class=\"sow-features-feature-content\">\n\t\t\t\t\n\t\t\t\t\t\t\t\t\t<h4 class=\"sow-features-feature-title\">\n\t\t\t\t\t\tGASTRIC BALLOON\t\t\t\t\t<\/h4>\n\t\t\t\t\n\t\t\t\t\t\t\t\t\t<div class=\"sow-features-feature-text\">\n\t\t\t\t\t<p>Surgically treating excessive weight, we use proven methods such as gastric balloon.<\/p>\n\t\t\t\t\t<\/div>\n\t\t\t\t\t\t\t\t\t\t<\/div>\n\t\t\t\t\t<p class=\"sow-more-text\">\n\t\t\t\t\t\t<a href=\"https:\/\/www.drboh.at\/en\/gastric-balloon\/\" >\t\t\t\t\t\tGet information now\t\t\t\t\t\t<\/a>\t\t\t\t\t<\/p>\n\t\t\t\t\t\t\t<\/div>\n\t\t\t\t\t\t\t<\/div>\n\t\t\t\t\t\t\t\t<\/li>\n\n\t\t\t<li\n\t\t\tclass=\"sow-features-feature sow-icon-container-position-top\"\n\t\t\tstyle=\"display: flex; flex-direction: column; width: calc(33.333% - 25px);\"\n\t\t>\n\t\t\t\n\t\t\t\t\t\t\t<div class=\"sow-features-feature-right-left-container\" style=\"display: flex; flex-direction: inherit;\">\n\t\t\t\t\t\t\t<div\t\t\t\tclass=\"sow-icon-container sow-container-round\"\n\t\t\t\tstyle=\"color: #ffffff; \"\n\t\t\t\ttitle=\"GASTROSCOPY\"\n\t\t\t\t\t\t\t>\n\t\t\t\t\t\t\t\t\t\t<div class=\"sow-icon-image\" style=\"background-image: url(https:\/\/www.drboh.at\/en\/wp-content\/uploads\/sites\/3\/2020\/02\/drboh-leistungen-magenspiegelung.png); font-size: 150px\"><\/div>\n\t\t\t\t\t\t\t\t\t<\/div>\n\n\t\t\t<div class=\"textwidget\">\n\t\t\t\t\t\t\t\t\t<div class=\"sow-features-feature-content\">\n\t\t\t\t\n\t\t\t\t\t\t\t\t\t<h4 class=\"sow-features-feature-title\">\n\t\t\t\t\t\tGASTROSCOPY\t\t\t\t\t<\/h4>\n\t\t\t\t\n\t\t\t\t\t\t\t\t\t<div class=\"sow-features-feature-text\">\n\t\t\t\t\t<p>A gastroscopy is used to clarify symptoms of the esophagus, stomach or duodenum, and also for medical check-ups.<\/p>\n\t\t\t\t\t<\/div>\n\t\t\t\t\t\t\t\t\t\t<\/div>\n\t\t\t\t\t<p class=\"sow-more-text\">\n\t\t\t\t\t\t<a href=\"https:\/\/www.drboh.at\/en\/gastroscopy\/\" >\t\t\t\t\t\tGet information now\t\t\t\t\t\t<\/a>\t\t\t\t\t<\/p>\n\t\t\t\t\t\t\t<\/div>\n\t\t\t\t\t\t\t<\/div>\n\t\t\t\t\t\t\t\t<\/li>\n\n\t\t\t<li\n\t\t\tclass=\"sow-features-feature sow-icon-container-position-top\"\n\t\t\tstyle=\"display: flex; flex-direction: column; width: calc(33.333% - 25px);\"\n\t\t>\n\t\t\t\n\t\t\t\t\t\t\t<div class=\"sow-features-feature-right-left-container\" style=\"display: flex; flex-direction: inherit;\">\n\t\t\t\t\t\t\t<div\t\t\t\tclass=\"sow-icon-container sow-container-round\"\n\t\t\t\tstyle=\"color: #ffffff; \"\n\t\t\t\ttitle=\"COLONOSCOPY\"\n\t\t\t\t\t\t\t>\n\t\t\t\t\t\t\t\t\t\t<div class=\"sow-icon-image\" style=\"background-image: url(https:\/\/www.drboh.at\/en\/wp-content\/uploads\/sites\/3\/2020\/02\/drboh-leistungen-darmspiegelung.png); font-size: 150px\"><\/div>\n\t\t\t\t\t\t\t\t\t<\/div>\n\n\t\t\t<div class=\"textwidget\">\n\t\t\t\t\t\t\t\t\t<div class=\"sow-features-feature-content\">\n\t\t\t\t\n\t\t\t\t\t\t\t\t\t<h4 class=\"sow-features-feature-title\">\n\t\t\t\t\t\tCOLONOSCOPY\t\t\t\t\t<\/h4>\n\t\t\t\t\n\t\t\t\t\t\t\t\t\t<div class=\"sow-features-feature-text\">\n\t\t\t\t\t<p>Inspection of the entire colon by means of an endoscope is called colonoscopy.<\/p>\n\t\t\t\t\t<\/div>\n\t\t\t\t\t\t\t\t\t\t<\/div>\n\t\t\t\t\t<p class=\"sow-more-text\">\n\t\t\t\t\t\t<a href=\"https:\/\/www.drboh.at\/en\/colonoscopy\/\" >\t\t\t\t\t\tGet information now\t\t\t\t\t\t<\/a>\t\t\t\t\t<\/p>\n\t\t\t\t\t\t\t<\/div>\n\t\t\t\t\t\t\t<\/div>\n\t\t\t\t\t\t\t\t<\/li>\n\n\t\t\t<li\n\t\t\tclass=\"sow-features-feature sow-icon-container-position-top\"\n\t\t\tstyle=\"display: flex; flex-direction: column; width: calc(33.333% - 25px);\"\n\t\t>\n\t\t\t\n\t\t\t\t\t\t\t<div class=\"sow-features-feature-right-left-container\" style=\"display: flex; flex-direction: inherit;\">\n\t\t\t\t\t\t\t<div\t\t\t\tclass=\"sow-icon-container sow-container-round\"\n\t\t\t\tstyle=\"color: #ffffff; \"\n\t\t\t\ttitle=\"MEDICAL CHECK-UP\"\n\t\t\t\t\t\t\t>\n\t\t\t\t\t\t\t\t\t\t<div class=\"sow-icon-image\" style=\"background-image: url(https:\/\/www.drboh.at\/en\/wp-content\/uploads\/sites\/3\/2020\/02\/drboh-leistungen-vorsorge.png); font-size: 150px\"><\/div>\n\t\t\t\t\t\t\t\t\t<\/div>\n\n\t\t\t<div class=\"textwidget\">\n\t\t\t\t\t\t\t\t\t<div class=\"sow-features-feature-content\">\n\t\t\t\t\n\t\t\t\t\t\t\t\t\t<h4 class=\"sow-features-feature-title\">\n\t\t\t\t\t\tMEDICAL CHECK-UP\t\t\t\t\t<\/h4>\n\t\t\t\t\n\t\t\t\t\t\t\t\t\t<div class=\"sow-features-feature-text\">\n\t\t\t\t\t<p>Medical checkups can offer an important contribution to early detect and treat health impairments.<\/p>\n\t\t\t\t\t<\/div>\n\t\t\t\t\t\t\t\t\t\t<\/div>\n\t\t\t\t\t<p class=\"sow-more-text\">\n\t\t\t\t\t\t<a href=\"https:\/\/www.drboh.at\/en\/medical-checkup\/\" >\t\t\t\t\t\tGet information now\t\t\t\t\t\t<\/a>\t\t\t\t\t<\/p>\n\t\t\t\t\t\t\t<\/div>\n\t\t\t\t\t\t\t<\/div>\n\t\t\t\t\t\t\t\t<\/li>\n\n\t\t\t<li\n\t\t\tclass=\"sow-features-feature sow-icon-container-position-top\"\n\t\t\tstyle=\"display: flex; flex-direction: column; width: calc(33.333% - 25px);\"\n\t\t>\n\t\t\t\n\t\t\t\t\t\t\t<div class=\"sow-features-feature-right-left-container\" style=\"display: flex; flex-direction: inherit;\">\n\t\t\t\t\t\t\t<div\t\t\t\tclass=\"sow-icon-container sow-container-round\"\n\t\t\t\tstyle=\"color: #ffffff; \"\n\t\t\t\ttitle=\"GENERAL SURGERY\"\n\t\t\t\t\t\t\t>\n\t\t\t\t\t\t\t\t\t\t<div class=\"sow-icon-image\" style=\"background-image: url(https:\/\/www.drboh.at\/en\/wp-content\/uploads\/sites\/3\/2020\/02\/drboh-leistungen-allgemeinchirurgie.png); font-size: 150px\"><\/div>\n\t\t\t\t\t\t\t\t\t<\/div>\n\n\t\t\t<div class=\"textwidget\">\n\t\t\t\t\t\t\t\t\t<div class=\"sow-features-feature-content\">\n\t\t\t\t\n\t\t\t\t\t\t\t\t\t<h4 class=\"sow-features-feature-title\">\n\t\t\t\t\t\tGENERAL SURGERY\t\t\t\t\t<\/h4>\n\t\t\t\t\n\t\t\t\t\t\t\t\t\t<div class=\"sow-features-feature-text\">\n\t\t\t\t\t<p>We specialize in laparoscopic and open surgery, among others for obesity, stomach, colon, gall bladder, hernias, hemorrhoids, etc.<\/p>\n\t\t\t\t\t<\/div>\n\t\t\t\t\t\t\t\t\t\t<\/div>\n\t\t\t\t\t<p class=\"sow-more-text\">\n\t\t\t\t\t\t<a href=\"https:\/\/www.drboh.at\/en\/general-surgery\/\" >\t\t\t\t\t\tGet information now\t\t\t\t\t\t<\/a>\t\t\t\t\t<\/p>\n\t\t\t\t\t\t\t<\/div>\n\t\t\t\t\t\t\t<\/div>\n\t\t\t\t\t\t\t\t<\/li>\n\n\t\t\t<li\n\t\t\tclass=\"sow-features-feature sow-icon-container-position-top\"\n\t\t\tstyle=\"display: flex; flex-direction: column; width: calc(33.333% - 25px);\"\n\t\t>\n\t\t\t\n\t\t\t\t\t\t\t<div class=\"sow-features-feature-right-left-container\" style=\"display: flex; flex-direction: inherit;\">\n\t\t\t\t\t\t\t<div\t\t\t\tclass=\"sow-icon-container sow-container-round\"\n\t\t\t\tstyle=\"color: #ffffff; \"\n\t\t\t\ttitle=\"HEMORRHOIDS\"\n\t\t\t\t\t\t\t>\n\t\t\t\t\t\t\t\t\t\t<div class=\"sow-icon-image\" style=\"background-image: url(https:\/\/www.drboh.at\/en\/wp-content\/uploads\/sites\/3\/2020\/02\/drboh-leistungen-h\u00e4morrhoiden.png); font-size: 150px\"><\/div>\n\t\t\t\t\t\t\t\t\t<\/div>\n\n\t\t\t<div class=\"textwidget\">\n\t\t\t\t\t\t\t\t\t<div class=\"sow-features-feature-content\">\n\t\t\t\t\n\t\t\t\t\t\t\t\t\t<h4 class=\"sow-features-feature-title\">\n\t\t\t\t\t\tHEMORRHOIDS\t\t\t\t\t<\/h4>\n\t\t\t\t\n\t\t\t\t\t\t\t\t\t<div class=\"sow-features-feature-text\">\n\t\t\t\t\t<p>We use newest generation laser offer a gentle treatment of hemorrhoids and anal fistulae.<\/p>\n\t\t\t\t\t<\/div>\n\t\t\t\t\t\t\t\t\t\t<\/div>\n\t\t\t\t\t<p class=\"sow-more-text\">\n\t\t\t\t\t\t<a href=\"https:\/\/www.drboh.at\/en\/laser-therapy-of-hemorrhoids\/\" >\t\t\t\t\t\tGet information now\t\t\t\t\t\t<\/a>\t\t\t\t\t<\/p>\n\t\t\t\t\t\t\t<\/div>\n\t\t\t\t\t\t\t<\/div>\n\t\t\t\t\t\t\t\t<\/li>\n\n\t<\/ul>\n<\/div><\/div><\/div><\/div><\/div><\/div><div id=\"pg-69-2\"  class=\"panel-grid panel-has-style\" ><div class=\"siteorigin-panels-stretch panel-row-style panel-row-style-for-69-2\" data-stretch-type=\"full\" ><div id=\"pgc-69-2-0\"  class=\"panel-grid-cell\" ><div id=\"panel-69-2-0-0\" class=\"widget_text so-panel widget widget_custom_html panel-first-child panel-last-child\" data-index=\"4\" ><div class=\"widget_text aos-init text-center panel-widget-style panel-widget-style-for-69-2-0-0\" data-aos=\"slide-right\" data-aos-duration=\"300\" data-aos-easing=\"ease-out\" data-aos-anchor-placement=\"top-bottom\" data-aos-once=\"false\" ><div class=\"textwidget custom-html-widget\"><h3>You have questions, or want to make an appointment?<\/h3>\nWe are looking forward to your call. Please call +43-1-890 40 41 or<br \/>\ncomplete our <a href=\"https:\/\/www.drboh.at\/en\/contact\/\">contact form<\/a>.<\/div><\/div><\/div><\/div><\/div><\/div><\/div>","protected":false},"excerpt":{"rendered":"<p>Doz. Dr. Arthur Bohdjalian, MBASpecialist for general and visceral surgery in Vienna, Austria We want you to stay healthy! Therefore, a good and professional medical check-up is essential. In the field of preventive medicine, we focus on gastroscopies and colonoscopies. In the general-surgical field, we treat hemorrhoids with Laser technique (LHP, Laser-hemmorrhoidalplasty), treat hernias, remove [&hellip;]<\/p>\n","protected":false},"author":1,"featured_media":0,"parent":0,"menu_order":0,"comment_status":"closed","ping_status":"closed","template":"template-fullwidth-boxed.php","meta":{"_themeisle_gutenberg_block_has_review":false,"footnotes":""},"class_list":["post-69","page","type-page","status-publish","hentry"],"_links":{"self":[{"href":"https:\/\/www.drboh.at\/en\/wp-json\/wp\/v2\/pages\/69","targetHints":{"allow":["GET"]}}],"collection":[{"href":"https:\/\/www.drboh.at\/en\/wp-json\/wp\/v2\/pages"}],"about":[{"href":"https:\/\/www.drboh.at\/en\/wp-json\/wp\/v2\/types\/page"}],"author":[{"embeddable":true,"href":"https:\/\/www.drboh.at\/en\/wp-json\/wp\/v2\/users\/1"}],"replies":[{"embeddable":true,"href":"https:\/\/www.drboh.at\/en\/wp-json\/wp\/v2\/comments?post=69"}],"version-history":[{"count":341,"href":"https:\/\/www.drboh.at\/en\/wp-json\/wp\/v2\/pages\/69\/revisions"}],"predecessor-version":[{"id":2733,"href":"https:\/\/www.drboh.at\/en\/wp-json\/wp\/v2\/pages\/69\/revisions\/2733"}],"wp:attachment":[{"href":"https:\/\/www.drboh.at\/en\/wp-json\/wp\/v2\/media?parent=69"}],"curies":[{"name":"wp","href":"https:\/\/api.w.org\/{rel}","templated":true}]}}